{"id":1173,"date":"2025-09-02T15:44:01","date_gmt":"2025-09-02T15:44:01","guid":{"rendered":"https:\/\/chatosopen.com\/?page_id=1173"},"modified":"2026-03-12T16:38:04","modified_gmt":"2026-03-12T16:38:04","slug":"equipos-2","status":"publish","type":"page","link":"https:\/\/chatosopen.com\/?page_id=1173","title":{"rendered":"Convocatoria"},"content":{"rendered":"<p>[et_pb_section fb_built=\u00bb1&#8243; _builder_version=\u00bb4.27.4&#8243; _module_preset=\u00bbdefault\u00bb background_image=\u00bbhttps:\/\/chatosopen.com\/wp-content\/uploads\/2025\/09\/WhatsApp-Image-2025-09-05-at-08.49.15-2-scaled.jpeg\u00bb background_position=\u00bbtop_center\u00bb background_vertical_offset=\u00bb46%\u00bb custom_margin=\u00bb-255px||||false|false\u00bb custom_padding=\u00bb250px||97px|||\u00bb global_colors_info=\u00bb{%22gcid-a6a25be9-d6a2-4324-bb2d-8ac311db555e%22:%91%22background_color_gradient_stops%22%93}\u00bb][et_pb_row _builder_version=\u00bb4.27.4&#8243; _module_preset=\u00bbdefault\u00bb global_colors_info=\u00bb{}\u00bb hover_enabled=\u00bb0&#8243; sticky_enabled=\u00bb0&#8243; locked=\u00bboff\u00bb][et_pb_column type=\u00bb4_4&#8243; _builder_version=\u00bb4.27.4&#8243; _module_preset=\u00bbdefault\u00bb global_colors_info=\u00bb{}\u00bb][et_pb_menu menu_id=\u00bb4&#8243; active_link_color=\u00bb#FFFFFF\u00bb dropdown_menu_bg_color=\u00bbgcid-a6a25be9-d6a2-4324-bb2d-8ac311db555e\u00bb dropdown_menu_line_color=\u00bbgcid-a6a25be9-d6a2-4324-bb2d-8ac311db555e\u00bb dropdown_menu_text_color=\u00bb#FFFFFF\u00bb dropdown_menu_active_link_color=\u00bb#FFFFFF\u00bb mobile_menu_bg_color=\u00bbgcid-a6a25be9-d6a2-4324-bb2d-8ac311db555e\u00bb mobile_menu_text_color=\u00bb#FFFFFF\u00bb logo=\u00bbhttps:\/\/chatosopen.com\/wp-content\/uploads\/2025\/03\/logo-1.png\u00bb logo_url=\u00bbhttps:\/\/chatosopen.com\/\u00bb logo_width=\u00bb30%\u00bb cart_icon_color=\u00bbgcid-a6a25be9-d6a2-4324-bb2d-8ac311db555e\u00bb search_icon_color=\u00bbgcid-a6a25be9-d6a2-4324-bb2d-8ac311db555e\u00bb menu_icon_color=\u00bbgcid-a6a25be9-d6a2-4324-bb2d-8ac311db555e\u00bb logo_width_tablet=\u00bb24%\u00bb logo_width_phone=\u00bb76%\u00bb logo_width_last_edited=\u00bbon|phone\u00bb _builder_version=\u00bb4.27.4&#8243; _module_preset=\u00bbdefault\u00bb menu_font=\u00bbArchivo|800|||||||\u00bb menu_text_color=\u00bb#FFFFFF\u00bb menu_font_size=\u00bb16px\u00bb background_color=\u00bbRGBA(255,255,255,0)\u00bb text_orientation=\u00bbright\u00bb link_option_url=\u00bbhttps:\/\/chatosopen.com\/\u00bb locked=\u00bboff\u00bb global_colors_info=\u00bb{%22gcid-a6a25be9-d6a2-4324-bb2d-8ac311db555e%22:%91%22cart_icon_color%22,%22search_icon_color%22,%22menu_icon_color%22,%22dropdown_menu_bg_color%22,%22dropdown_menu_line_color%22,%22mobile_menu_bg_color%22%93}\u00bb][\/et_pb_menu][\/et_pb_column][\/et_pb_row][et_pb_row _builder_version=\u00bb4.27.2&#8243; _module_preset=\u00bbdefault\u00bb global_colors_info=\u00bb{}\u00bb][et_pb_column type=\u00bb4_4&#8243; _builder_version=\u00bb4.27.2&#8243; _module_preset=\u00bbdefault\u00bb global_colors_info=\u00bb{}\u00bb][et_pb_text _builder_version=\u00bb4.27.4&#8243; _module_preset=\u00bbdefault\u00bb text_font=\u00bbBarlow Condensed||||||||\u00bb text_text_color=\u00bb#FFFFFF\u00bb text_font_size=\u00bb40px\u00bb header_text_color=\u00bb#FFFFFF\u00bb header_font_size=\u00bb48px\u00bb text_orientation=\u00bbcenter\u00bb text_text_shadow_style=\u00bbpreset2&#8243; global_colors_info=\u00bb{}\u00bb]<\/p>\n<h2><span style=\"color: #ffffff;\">CONVOCATORIA<br \/><\/span><\/h2>\n<p>EDICI\u00d3N PRIMAVERANO 2026<\/p>\n<h2><span style=\"color: #ffffff;\">\u00a0<\/span><\/h2>\n<p>[\/et_pb_text][\/et_pb_column][\/et_pb_row][\/et_pb_section][et_pb_section fb_built=\u00bb1&#8243; _builder_version=\u00bb4.27.4&#8243; _module_preset=\u00bbdefault\u00bb min_height=\u00bb531.8px\u00bb custom_margin=\u00bb19px|||||\u00bb global_colors_info=\u00bb{}\u00bb][et_pb_row _builder_version=\u00bb4.27.4&#8243; _module_preset=\u00bbdefault\u00bb custom_padding=\u00bb0px|||||\u00bb global_colors_info=\u00bb{}\u00bb][et_pb_column type=\u00bb4_4&#8243; _builder_version=\u00bb4.27.4&#8243; _module_preset=\u00bbdefault\u00bb global_colors_info=\u00bb{}\u00bb][et_pb_text _builder_version=\u00bb4.27.4&#8243; _module_preset=\u00bbdefault\u00bb global_colors_info=\u00bb{}\u00bb]<\/p>\n<p><b>FECHAS:<span class=\"Apple-converted-space\">\u00a0<\/span><\/b><\/p>\n<ul>\n<li><span><\/span>Inicio:<span class=\"Apple-converted-space\">\u00a0 <\/span>Semana del 9 al 13 de marzo<\/li>\n<li><span><\/span>Terminaci\u00f3n de la primera vuelta el 8 de mayo:<\/li>\n<\/ul>\n<p><span><span class=\"Apple-converted-space\">\u00a0\u00a0 \u00a0 <\/span>Descansando la semanas Santa y PASCUA DEL 29 de marzo al 11 de abril<span class=\"Apple-converted-space\">\u00a0<\/span><\/span><\/p>\n<p>&nbsp;<\/p>\n<ul>\n<li><span><\/span>Inicio de la segunda vuelta: del 11 al 15 de mayo<\/li>\n<li><span><\/span>Terminaci\u00f3n de la segunda vuelta el 26 de junio<span class=\"Apple-tab-span\"> <\/span><\/li>\n<li><span><\/span> martes 7 de julio:<span class=\"Apple-converted-space\">\u00a0 <\/span>LA GRAN FINAL.<span class=\"Apple-converted-space\">\u00a0<\/span><\/li>\n<\/ul>\n<p><span><b><\/b><\/span><\/p>\n<p><b>FORMATO DE JUEGO:<\/b><\/p>\n<p><b><span class=\"Apple-converted-space\">\u00a0\u00a0 \u00a0 \u00a0 \u00a0 \u00a0 \u00a0 \u00a0 \u00a0 \u00a0 \u00a0 \u00a0 \u00a0 \u00a0 \u00a0 \u00a0 \u00a0 \u00a0 \u00a0 \u00a0 \u00a0 \u00a0 \u00a0 \u00a0 \u00a0 <\/span>Se Jugar\u00e1 a dos vueltas a visita rec\u00edproca<span class=\"Apple-converted-space\">\u00a0<\/span><\/b><\/p>\n<p>Somos 8 equipos de 7 integrantes.<\/p>\n<p>Con opci\u00f3n a:<span class=\"Apple-tab-span\"> <\/span>\u2022 6 integrantes, pagando lo de 7.<\/p>\n<p>\u2022 8 integrantes, pagando uno extra. <span class=\"Apple-converted-space\">\u00a0<\/span><\/p>\n<ol>\n<li>Todos los jugadores deber\u00e1n jugar por lo menos una vez durante el torneo o el equipo ser\u00e1 castigado con dos puntos por cada jugador que no juegue en todo el torneo.<\/li>\n<li>Se jugar\u00e1n 8 rondas todos contra todos, con descanso obligatorio de un equipo por semana siguiendo el calendario.<\/li>\n<li>En la jornada 10 de la segunda vuelta los dos mejores equipos del grupo jugar\u00e1n la liguilla final por el t\u00edtulo, fungiendo como local el equipo que haga m\u00e1s puntos en el torneo. El \u00faltimo lugar, se queda directamente con \u201cLA PERRA\u201d.<\/li>\n<li>Para el torneo, no para la final, en caso de empate en los puntos, se decide por el enfrentamiento directo tomando en cuenta el resultado sumado de sus dos enfrentamientos, si persiste el empate, ganar\u00e1 el menor Hcp. promedio que jugaron la final. En caso de empate en la final, queda campe\u00f3n quien tenga mejor posici\u00f3n en la tabla.<\/li>\n<li>En esa \u00faltima jornada, al mismo tiempo de la final, todos los jugadores competir\u00e1n con Hcp. al 80% para ganar 5 premios en formato STABLEFORD. Todos juegan el torneo general.<\/li>\n<li>Cada semana se enfrentan 4 jugadores de cada equipo para disputar SEIS puntos (match 1, match 2, four-some de los dos grupos). Por empate se dividen medio punto.<\/li>\n<li>Cada equipo juega de local una semana y otra de visitante. El Capit\u00e1n local pasa dos fechas (a m\u00e1s tardar el viernes previo), el visitante decide cu\u00e1l de las dos fechas y siembra sus 4 jugadores a m\u00e1s tardar 48 hrs antes del juego, ya con definici\u00f3n de h\u00e1ndicap y de marcas de salida. No se podr\u00e1n mover a menos que sea hacia atr\u00e1s de acuerdo con su Hcp del d\u00eda.<\/li>\n<li>En caso de no ponerse de acuerdo en el d\u00eda de juego, tendr\u00e1n la siguiente semana para jugarlo, de lo contrario ambos pierden por default. La \u00faltima semana del torneo no se puede posponer partidos.<\/li>\n<li>Al posponerse el juego una semana, el equipo local pone dos fechas de la semana siguiente, si el equipo visitante no puede jugar, perder\u00e1 los 6 puntos. Es permitido a un equipo jugar incompleto. Solo pierde los puntos que no tenga jugador.<\/li>\n<li>Si el equipo que pidi\u00f3 posponer el juego es el local, pierde el derecho de escoger fechas y ser\u00e1 decisi\u00f3n del visitante poner dos fechas, convirti\u00e9ndose en local.<span class=\"Apple-converted-space\">\u00a0<\/span><\/li>\n<li>El capit\u00e1n local decide a los oponentes de su equipo. Y el m\u00e1xima de ventajas para el four some es de 18, y en individuales el m\u00e1ximo es 15. Y est\u00e1 obligado a tratar que no sea muy alto el diferencial de ventajas.<\/li>\n<li>Todos los jugadores deber\u00e1n tener Hcp. registrado (GHIN o GRINT, juega con el que el MAS BAJO) y se juega cada ronda con su HCP actualizado al d\u00eda de la definici\u00f3n de los matches.<\/li>\n<\/ol>\n<p><span class=\"Apple-converted-space\">\u00a0<\/span>Hay una comisi\u00f3n de h\u00e1ndicaps (Jes\u00fas Palomino y Humberto Dahuss), que tendr\u00e1 un reglamento definido, para revisar y validar las controversias e inconformidades que pueda haber durante el torneo. Es obligaci\u00f3n de cada equipo, entregar tarjeta oficial de resultados al terminar la ronda.<\/p>\n<ol start=\"13\">\n<li>Cada jugador deber\u00e1 portar uniforme de su equipo so pena de perder puntos: Una vez amonestaci\u00f3n, 2\u00aa. Pierden un punto y as\u00ed sucesivamente.<\/li>\n<li>No se permite cambio de jugadores una vez hecho el registro. Solo en caso de incapacidad puede ser suplido durante el resto del torneo. En caso de fuerza mayor se puede cambiar el jugador en alguna jornada.<\/li>\n<li>Marcas de salida:<span class=\"Apple-converted-space\">\u00a0 <\/span>Hcp.<span class=\"Apple-converted-space\">\u00a0 <\/span>de O a 3 negras,<span class=\"Apple-converted-space\">\u00a0 <\/span>m\u00e1s de 3 a 7 de azules, de 8 en adelante blancas con opci\u00f3n a azules, 60 a\u00f1os doradas con opci\u00f3n a blancas. M\u00e1s de 70 a\u00f1os Platino. Habr\u00e1 cambio de marcas durante el transcurso del torneo de acuerdo con el Hcp.<\/li>\n<\/ol>\n<p>&nbsp;<\/p>\n<p><span><b><\/b><\/span><\/p>\n<p><b>INSCRIPCI\u00d3N Y PREMIOS:<span class=\"Apple-converted-space\">\u00a0<\/span><\/b><\/p>\n<ol>\n<li>Se paga un total de $49,000 pesos m\u00ednimo por equipo de 7<span class=\"Apple-converted-space\">\u00a0<\/span><\/li>\n<\/ol>\n<p>($7,000 pesos m\u00e1s en caso de ser 8 integrantes)<\/p>\n<p>Se paga $500 pesos extra por jugador para quien haga el primer Hole in One del torneo. $28,000 pesos.<span class=\"Apple-converted-space\">\u00a0 <\/span>En caso de no haberlo, se rifa el dinero<\/p>\n<ol start=\"2\">\n<li>El total de lo recolectado se reparte en premios y en cena de premiaci\u00f3n sin bebidas.<\/li>\n<li>El equipo campe\u00f3n ganar\u00e1 $98,000 pesos, el segundo lugar ganar\u00e1 $49,000 pesos.<\/li>\n<li>El pago por equipo lo har\u00e1 el capit\u00e1n directamente a la cuenta del tesorero, en dos entregas, la primera por la mitad del total ($29,000 pesos) a m\u00e1s tardar el 2 de marzo. El resto se pagar\u00e1 justo antes de iniciar la segunda vuelta.<\/li>\n<li>El equipo que quede en \u00faltimo lugar pagar\u00e1 un pomo (cada uno de los integrantes) comprado el d\u00eda del evento de premiaci\u00f3n, para consumirlos durante la cena. Y en el siguiente torneo su equipo ser\u00e1 nombrado LA PERRA.<\/li>\n<li>Se juega la final en la jornada 8 de la segunda vuelta.<span class=\"Apple-converted-space\">\u00a0<\/span><\/li>\n<\/ol>\n<p><span><b><span class=\"Apple-converted-space\">\u00a0<\/span><\/b><\/span><\/p>\n<p><b>TROFEOS:<span class=\"Apple-converted-space\">\u00a0<\/span><\/b><\/p>\n<ul>\n<li><span><\/span>Trofeo emblem\u00e1tico para el equipo ganador. El mismo trofeo permanece en el club y se agrega el nombre del ganador cada torneo.<\/li>\n<li><span><\/span>Trofeo para cada integrante del equipo ganador.<span class=\"Apple-converted-space\">\u00a0<\/span><\/li>\n<li><span><\/span>Trofeo para el MVP (mejor diferencia positiva entre juegos G y P y jugados)<\/li>\n<\/ul>\n<p>&nbsp;<\/p>\n<p><span>O\u2019yes en el 14: (solo el d\u00eda de la final)<\/span><\/p>\n<p><span><\/span><\/p>\n<ul>\n<li><span><\/span>1er. Lugar 10 mil pesos<\/li>\n<li><span><\/span>2\u00ba. Lugar 5 mil pesos<\/li>\n<li><span><\/span>3er. Lugar 3 mil pesos. <span class=\"Apple-converted-space\">\u00a0<\/span><\/li>\n<li><span><\/span>4\u00ba. Lugar 2 mil pesos.<\/li>\n<li><span><\/span>5\u00ba. Lugar 1 mil pesos.<\/li>\n<\/ul>\n<p>&nbsp;<\/p>\n<p>&nbsp;<\/p>\n<p>Cualquier duda o controversia ser\u00e1 decidida de forma inapelable por el comit\u00e9 organizador conformado por presidente (H\u00e9ctor Oropeza), tesorero (Max Hern\u00e1ndez) y secretario (Marco Gami\u00f1o). No hay decisiones por mayor\u00eda de votos de los capitanes.<\/p>\n<p><span class=\"Apple-converted-space\">\u00a0<\/span>Las dudas y decisiones sobre reglas son tomadas por el PRO del club, Andres Castellanos.<\/p>\n<p>&nbsp;<\/p>\n<p>EQUIPOS:<\/p>\n<p>1- TOP GUN\/ Manuel Serrano<\/p>\n<p>2- LA GAMI\u00d1IZA \/ Hector Oropeza<\/p>\n<p>3- LA PERRA\/ Arturo castro<\/p>\n<p>4- CENTURI\u00d3NES \/Max Hern\u00e1ndez<\/p>\n<p>5- A\u00d1EJOS V2.0 \/ Eugenio S\u00e1nchez<\/p>\n<p>6- PONCHOS\/ Sergio Martin<\/p>\n<p>7- GOLFOS \/Humberto Dahuss<\/p>\n<p>8- INVISIBLES \/ Marco Barba<\/p>\n<p>[\/et_pb_text][\/et_pb_column][\/et_pb_row][\/et_pb_section]<\/p>\n","protected":false},"excerpt":{"rendered":"<p>CONVOCATORIA EDICI\u00d3N PRIMAVERANO 2026 \u00a0FECHAS:\u00a0 Inicio:\u00a0 Semana del 9 al 13 de marzo Terminaci\u00f3n de la primera vuelta el 8 de mayo: \u00a0\u00a0 \u00a0 Descansando la semanas Santa y PASCUA DEL 29 de marzo al 11 de abril\u00a0 &nbsp; Inicio de la segunda vuelta: del 11 al 15 de mayo Terminaci\u00f3n de la segunda vuelta [&hellip;]<\/p>\n","protected":false},"author":2,"featured_media":0,"parent":0,"menu_order":0,"comment_status":"closed","ping_status":"closed","template":"","meta":{"_et_pb_use_builder":"on","_et_pb_old_content":"","_et_gb_content_width":"","footnotes":""},"class_list":["post-1173","page","type-page","status-publish","hentry"],"_links":{"self":[{"href":"https:\/\/chatosopen.com\/index.php?rest_route=\/wp\/v2\/pages\/1173","targetHints":{"allow":["GET"]}}],"collection":[{"href":"https:\/\/chatosopen.com\/index.php?rest_route=\/wp\/v2\/pages"}],"about":[{"href":"https:\/\/chatosopen.com\/index.php?rest_route=\/wp\/v2\/types\/page"}],"author":[{"embeddable":true,"href":"https:\/\/chatosopen.com\/index.php?rest_route=\/wp\/v2\/users\/2"}],"replies":[{"embeddable":true,"href":"https:\/\/chatosopen.com\/index.php?rest_route=%2Fwp%2Fv2%2Fcomments&post=1173"}],"version-history":[{"count":13,"href":"https:\/\/chatosopen.com\/index.php?rest_route=\/wp\/v2\/pages\/1173\/revisions"}],"predecessor-version":[{"id":2083,"href":"https:\/\/chatosopen.com\/index.php?rest_route=\/wp\/v2\/pages\/1173\/revisions\/2083"}],"wp:attachment":[{"href":"https:\/\/chatosopen.com\/index.php?rest_route=%2Fwp%2Fv2%2Fmedia&parent=1173"}],"curies":[{"name":"wp","href":"https:\/\/api.w.org\/{rel}","templated":true}]}}