{"id":1388,"date":"2025-09-11T15:41:04","date_gmt":"2025-09-11T15:41:04","guid":{"rendered":"https:\/\/chatosopen.com\/?page_id=1388"},"modified":"2026-03-12T16:38:30","modified_gmt":"2026-03-12T16:38:30","slug":"reglamento","status":"publish","type":"page","link":"https:\/\/chatosopen.com\/?page_id=1388","title":{"rendered":"Reglamento de Handicaps"},"content":{"rendered":"<p>[et_pb_section fb_built=\u00bb1&#8243; _builder_version=\u00bb4.27.4&#8243; _module_preset=\u00bbdefault\u00bb background_image=\u00bbhttps:\/\/chatosopen.com\/wp-content\/uploads\/2025\/09\/WhatsApp-Image-2025-09-05-at-08.49.15-2-scaled.jpeg\u00bb background_position=\u00bbtop_center\u00bb background_vertical_offset=\u00bb46%\u00bb custom_margin=\u00bb-255px||||false|false\u00bb custom_padding=\u00bb250px||97px|||\u00bb global_colors_info=\u00bb{%22gcid-a6a25be9-d6a2-4324-bb2d-8ac311db555e%22:%91%22background_color_gradient_stops%22%93}\u00bb][et_pb_row _builder_version=\u00bb4.27.4&#8243; _module_preset=\u00bbdefault\u00bb global_colors_info=\u00bb{}\u00bb hover_enabled=\u00bb0&#8243; sticky_enabled=\u00bb0&#8243; locked=\u00bboff\u00bb][et_pb_column type=\u00bb4_4&#8243; _builder_version=\u00bb4.27.4&#8243; _module_preset=\u00bbdefault\u00bb global_colors_info=\u00bb{}\u00bb][et_pb_menu menu_id=\u00bb4&#8243; active_link_color=\u00bb#FFFFFF\u00bb dropdown_menu_bg_color=\u00bbgcid-a6a25be9-d6a2-4324-bb2d-8ac311db555e\u00bb dropdown_menu_line_color=\u00bbgcid-a6a25be9-d6a2-4324-bb2d-8ac311db555e\u00bb dropdown_menu_text_color=\u00bb#FFFFFF\u00bb dropdown_menu_active_link_color=\u00bb#FFFFFF\u00bb mobile_menu_bg_color=\u00bbgcid-a6a25be9-d6a2-4324-bb2d-8ac311db555e\u00bb mobile_menu_text_color=\u00bb#FFFFFF\u00bb logo=\u00bbhttps:\/\/chatosopen.com\/wp-content\/uploads\/2025\/03\/logo-1.png\u00bb logo_url=\u00bbhttps:\/\/chatosopen.com\/\u00bb logo_width=\u00bb30%\u00bb cart_icon_color=\u00bbgcid-a6a25be9-d6a2-4324-bb2d-8ac311db555e\u00bb search_icon_color=\u00bbgcid-a6a25be9-d6a2-4324-bb2d-8ac311db555e\u00bb menu_icon_color=\u00bbgcid-a6a25be9-d6a2-4324-bb2d-8ac311db555e\u00bb logo_width_tablet=\u00bb24%\u00bb logo_width_phone=\u00bb76%\u00bb logo_width_last_edited=\u00bbon|phone\u00bb _builder_version=\u00bb4.27.4&#8243; _module_preset=\u00bbdefault\u00bb menu_font=\u00bbArchivo|800|||||||\u00bb menu_text_color=\u00bb#FFFFFF\u00bb menu_font_size=\u00bb16px\u00bb background_color=\u00bbRGBA(255,255,255,0)\u00bb text_orientation=\u00bbright\u00bb link_option_url=\u00bbhttps:\/\/chatosopen.com\/\u00bb locked=\u00bboff\u00bb global_colors_info=\u00bb{%22gcid-a6a25be9-d6a2-4324-bb2d-8ac311db555e%22:%91%22cart_icon_color%22,%22search_icon_color%22,%22menu_icon_color%22,%22dropdown_menu_bg_color%22,%22dropdown_menu_line_color%22,%22mobile_menu_bg_color%22%93}\u00bb][\/et_pb_menu][\/et_pb_column][\/et_pb_row][et_pb_row _builder_version=\u00bb4.27.2&#8243; _module_preset=\u00bbdefault\u00bb global_colors_info=\u00bb{}\u00bb][et_pb_column type=\u00bb4_4&#8243; _builder_version=\u00bb4.27.2&#8243; _module_preset=\u00bbdefault\u00bb global_colors_info=\u00bb{}\u00bb][et_pb_text _builder_version=\u00bb4.27.4&#8243; _module_preset=\u00bbdefault\u00bb text_font=\u00bbBarlow Condensed||||||||\u00bb text_text_color=\u00bb#FFFFFF\u00bb text_font_size=\u00bb40px\u00bb header_text_color=\u00bb#FFFFFF\u00bb header_font_size=\u00bb48px\u00bb text_orientation=\u00bbcenter\u00bb text_text_shadow_style=\u00bbpreset2&#8243; global_colors_info=\u00bb{}\u00bb]<\/p>\n<h2><span style=\"color: #ffffff;\">REGLAMENTO DE HANDICAPS<br \/><\/span><\/h2>\n<p>EDICI\u00d3N PRIMAVERANO 2026<\/p>\n<h2><span style=\"color: #ffffff;\">\u00a0<\/span><\/h2>\n<p>[\/et_pb_text][\/et_pb_column][\/et_pb_row][\/et_pb_section][et_pb_section fb_built=\u00bb1&#8243; _builder_version=\u00bb4.27.4&#8243; _module_preset=\u00bbdefault\u00bb min_height=\u00bb531.8px\u00bb custom_margin=\u00bb19px|||||\u00bb global_colors_info=\u00bb{}\u00bb][et_pb_row _builder_version=\u00bb4.27.4&#8243; _module_preset=\u00bbdefault\u00bb custom_padding=\u00bb0px|||||\u00bb global_colors_info=\u00bb{}\u00bb][et_pb_column type=\u00bb4_4&#8243; _builder_version=\u00bb4.27.4&#8243; _module_preset=\u00bbdefault\u00bb global_colors_info=\u00bb{}\u00bb][et_pb_text _builder_version=\u00bb4.27.4&#8243; _module_preset=\u00bbdefault\u00bb global_colors_info=\u00bb{}\u00bb]<\/p>\n<p><strong>REGLAMENTO DE HCPS.<\/strong><\/p>\n<p>1. Registro de Scores<\/p>\n<p>1.1. Todo jugador participante est\u00e1 obligado a registrar y subir su score hoyo por hoyo el mismo d\u00eda en que juegue, ya sea durante un torneo o en una ronda casual.1.2. El score debe subirse a la plataforma oficial reconocida por el comit\u00e9 (ej. Grint, GHIN u otra designada).<\/p>\n<p>1.3. El registro de scores totales (sin detalle de hoyo por hoyo) ser\u00e1 considerado incompleto y sujeto a sanci\u00f3n.<\/p>\n<p>1.4. El jugador tiene la obligaci\u00f3n de subir su score de manera correcta, es decir, registrando desde las marcas de salida que realmente jug\u00f3. Cualquier discrepancia detectada ser\u00e1 motivo de revisi\u00f3n y posible sanci\u00f3n.<\/p>\n<p>1.5. Los jugadores que deseen participar en el sistema de competencia a trav\u00e9s de Grint o GHIN deber\u00e1n tener el 100% de sus rondas registradas en ambas plataformas.<\/p>\n<p><span class=\"Apple-tab-span\"> <\/span>\u2022<span class=\"Apple-tab-span\"> <\/span>En caso de no cumplir con esta condici\u00f3n, el comit\u00e9 tomar\u00e1 como v\u00e1lido el h\u00e1ndicap m\u00e1s bajo entre ambas plataformas<\/p>\n<p>&nbsp;<\/p>\n<p>2. Revisi\u00f3n de H\u00e1ndicaps y Comit\u00e9 de Control<\/p>\n<p>2.1. Para el cumplimiento de este reglamento existir\u00e1 un Comit\u00e9 de H\u00e1ndicap.<\/p>\n<p>2.2. Este comit\u00e9 ser\u00e1 el responsable de revisar cualquier irregularidad en los registros de scores y en el uso del h\u00e1ndicap en competencia.<\/p>\n<p>2.3. Para que el Comit\u00e9 de H\u00e1ndicap pueda intervenir en un caso, deber\u00e1 existir una solicitud de aclaraci\u00f3n formal presentada por un capit\u00e1n<span class=\"Apple-converted-space\">\u00a0<\/span><\/p>\n<p>2.4. En caso de que un jugador cometa una falta a lo establecido en este reglamento, se le dar\u00e1 la oportunidad de corregir su error a la brevedad posible.<\/p>\n<p>2.5. Si se detecta que un jugador reincide en este tipo de faltas y se determina que est\u00e1 tomando ventaja de manera indebida, el Comit\u00e9 de H\u00e1ndicap podr\u00e1 imponer sanciones que incluyen, entre otras:<\/p>\n<p><span class=\"Apple-tab-span\"> <\/span>\u2022<span class=\"Apple-tab-span\"> <\/span>La p\u00e9rdida autom\u00e1tica del match jugado, aun cuando ya lo hubiera ganado.<\/p>\n<p><span class=\"Apple-tab-span\"> <\/span>\u2022<span class=\"Apple-tab-span\"> <\/span>La obligaci\u00f3n de jugar su siguiente match con golpes de castigo, aplicando un h\u00e1ndicap menor al que tiene acreditado en cualquiera de las plataformas oficiales.<\/p>\n<p>2.6 Una vez que se enviaron los matches definitivos con Hcp y salidas, ya no se podr\u00e1n mover, a menos que sea hacia atr\u00e1s por cuestiones\u00a0de\u00a0Hcp.<\/p>\n<p>2.7 El m\u00e1ximo de ventajas para el four some es de 18, y en individuales el m\u00e1ximo es 15. Y Es obligaci\u00f3n de los capitanes tratar que no sea muy alto el diferencial de ventajas.<\/p>\n<p>[\/et_pb_text][\/et_pb_column][\/et_pb_row][\/et_pb_section]<\/p>\n","protected":false},"excerpt":{"rendered":"<p>REGLAMENTO DE HANDICAPS EDICI\u00d3N PRIMAVERANO 2026 \u00a0REGLAMENTO DE HCPS. 1. Registro de Scores 1.1. Todo jugador participante est\u00e1 obligado a registrar y subir su score hoyo por hoyo el mismo d\u00eda en que juegue, ya sea durante un torneo o en una ronda casual.1.2. El score debe subirse a la plataforma oficial reconocida por el [&hellip;]<\/p>\n","protected":false},"author":2,"featured_media":0,"parent":0,"menu_order":0,"comment_status":"closed","ping_status":"closed","template":"","meta":{"_et_pb_use_builder":"on","_et_pb_old_content":"","_et_gb_content_width":"","footnotes":""},"class_list":["post-1388","page","type-page","status-publish","hentry"],"_links":{"self":[{"href":"https:\/\/chatosopen.com\/index.php?rest_route=\/wp\/v2\/pages\/1388","targetHints":{"allow":["GET"]}}],"collection":[{"href":"https:\/\/chatosopen.com\/index.php?rest_route=\/wp\/v2\/pages"}],"about":[{"href":"https:\/\/chatosopen.com\/index.php?rest_route=\/wp\/v2\/types\/page"}],"author":[{"embeddable":true,"href":"https:\/\/chatosopen.com\/index.php?rest_route=\/wp\/v2\/users\/2"}],"replies":[{"embeddable":true,"href":"https:\/\/chatosopen.com\/index.php?rest_route=%2Fwp%2Fv2%2Fcomments&post=1388"}],"version-history":[{"count":7,"href":"https:\/\/chatosopen.com\/index.php?rest_route=\/wp\/v2\/pages\/1388\/revisions"}],"predecessor-version":[{"id":2084,"href":"https:\/\/chatosopen.com\/index.php?rest_route=\/wp\/v2\/pages\/1388\/revisions\/2084"}],"wp:attachment":[{"href":"https:\/\/chatosopen.com\/index.php?rest_route=%2Fwp%2Fv2%2Fmedia&parent=1388"}],"curies":[{"name":"wp","href":"https:\/\/api.w.org\/{rel}","templated":true}]}}