{"id":9,"date":"2025-03-03T23:13:34","date_gmt":"2025-03-03T23:13:34","guid":{"rendered":"https:\/\/chatosopen.com\/?page_id=9"},"modified":"2026-03-12T16:37:32","modified_gmt":"2026-03-12T16:37:32","slug":"inicio","status":"publish","type":"page","link":"https:\/\/chatosopen.com\/","title":{"rendered":"Inicio"},"content":{"rendered":"<p>[et_pb_section fb_built=\u00bb1&#8243; _builder_version=\u00bb4.27.4&#8243; _module_preset=\u00bbdefault\u00bb use_background_color_gradient=\u00bbon\u00bb background_color_gradient_type=\u00bbelliptical\u00bb background_color_gradient_stops=\u00bbrgba(93,168,58,0.26) 0%|rgba(0,0,0,0.92) 100%\u00bb background_color_gradient_overlays_image=\u00bbon\u00bb background_image=\u00bbhttps:\/\/chatosopen.com\/wp-content\/uploads\/2025\/03\/6.jpg\u00bb background_enable_video_mp4=\u00bboff\u00bb background_enable_video_webm=\u00bboff\u00bb background_video_width=\u00bb100%\u00bb background_video_height=\u00bb100%\u00bb custom_margin=\u00bb-255px||||false|false\u00bb custom_margin_tablet=\u00bb-224px||||false|false\u00bb custom_margin_phone=\u00bb-224px||||false|false\u00bb custom_margin_last_edited=\u00bbon|phone\u00bb custom_padding=\u00bb256px||68px|2px|false|false\u00bb box_shadow_style=\u00bbpreset3&#8243; global_colors_info=\u00bb{}\u00bb][et_pb_row _builder_version=\u00bb4.27.4&#8243; _module_preset=\u00bbdefault\u00bb global_colors_info=\u00bb{}\u00bb hover_enabled=\u00bb0&#8243; sticky_enabled=\u00bb0&#8243; locked=\u00bboff\u00bb][et_pb_column type=\u00bb4_4&#8243; _builder_version=\u00bb4.27.4&#8243; _module_preset=\u00bbdefault\u00bb global_colors_info=\u00bb{}\u00bb][et_pb_menu menu_id=\u00bb4&#8243; active_link_color=\u00bb#FFFFFF\u00bb dropdown_menu_bg_color=\u00bbgcid-a6a25be9-d6a2-4324-bb2d-8ac311db555e\u00bb dropdown_menu_line_color=\u00bbgcid-a6a25be9-d6a2-4324-bb2d-8ac311db555e\u00bb dropdown_menu_text_color=\u00bb#FFFFFF\u00bb dropdown_menu_active_link_color=\u00bb#FFFFFF\u00bb mobile_menu_bg_color=\u00bbgcid-a6a25be9-d6a2-4324-bb2d-8ac311db555e\u00bb mobile_menu_text_color=\u00bb#FFFFFF\u00bb logo=\u00bbhttps:\/\/chatosopen.com\/wp-content\/uploads\/2025\/03\/logo-1.png\u00bb logo_url=\u00bbhttps:\/\/chatosopen.com\/\u00bb logo_width=\u00bb30%\u00bb cart_icon_color=\u00bbgcid-a6a25be9-d6a2-4324-bb2d-8ac311db555e\u00bb search_icon_color=\u00bbgcid-a6a25be9-d6a2-4324-bb2d-8ac311db555e\u00bb menu_icon_color=\u00bbgcid-a6a25be9-d6a2-4324-bb2d-8ac311db555e\u00bb logo_width_tablet=\u00bb24%\u00bb logo_width_phone=\u00bb76%\u00bb logo_width_last_edited=\u00bbon|phone\u00bb _builder_version=\u00bb4.27.4&#8243; _module_preset=\u00bbdefault\u00bb menu_font=\u00bbArchivo|800|||||||\u00bb menu_text_color=\u00bb#FFFFFF\u00bb menu_font_size=\u00bb16px\u00bb background_color=\u00bbRGBA(255,255,255,0)\u00bb text_orientation=\u00bbright\u00bb link_option_url=\u00bbhttps:\/\/chatosopen.com\/\u00bb locked=\u00bboff\u00bb global_colors_info=\u00bb{%22gcid-a6a25be9-d6a2-4324-bb2d-8ac311db555e%22:%91%22cart_icon_color%22,%22search_icon_color%22,%22menu_icon_color%22,%22dropdown_menu_bg_color%22,%22dropdown_menu_line_color%22,%22mobile_menu_bg_color%22%93}\u00bb][\/et_pb_menu][\/et_pb_column][\/et_pb_row][et_pb_row _builder_version=\u00bb4.27.4&#8243; _module_preset=\u00bbdefault\u00bb global_colors_info=\u00bb{}\u00bb][et_pb_column type=\u00bb4_4&#8243; _builder_version=\u00bb4.27.4&#8243; _module_preset=\u00bbdefault\u00bb global_colors_info=\u00bb{}\u00bb][et_pb_button button_url=\u00bb@ET-DC@eyJkeW5hbWljIjp0cnVlLCJjb250ZW50IjoicG9zdF9saW5rX3VybF9wb3N0Iiwic2V0dGluZ3MiOnsicG9zdF9pZCI6IjE5ODQifX0=@\u00bb button_text=\u00bbReflexiones para Despu\u00e9s de la Muerte &#8211; Decimonovena entrega\u00bb button_alignment=\u00bbcenter\u00bb _builder_version=\u00bb4.27.4&#8243; _dynamic_attributes=\u00bbbutton_url\u00bb _module_preset=\u00bbdefault\u00bb custom_button=\u00bbon\u00bb button_text_color=\u00bb#FFFFFF\u00bb global_colors_info=\u00bb{}\u00bb][\/et_pb_button][\/et_pb_column][\/et_pb_row][et_pb_row _builder_version=\u00bb4.27.4&#8243; _module_preset=\u00bbdefault\u00bb global_colors_info=\u00bb{}\u00bb][et_pb_column type=\u00bb4_4&#8243; _builder_version=\u00bb4.27.4&#8243; _module_preset=\u00bbdefault\u00bb global_colors_info=\u00bb{}\u00bb][et_pb_text _builder_version=\u00bb4.27.4&#8243; _module_preset=\u00bbdefault\u00bb text_font=\u00bb||||||||\u00bb text_text_color=\u00bb#FFFFFF\u00bb text_font_size=\u00bb39px\u00bb text_line_height=\u00bb1em\u00bb global_colors_info=\u00bb{}\u00bb]<\/p>\n<p>EDICI\u00d3N PRIMAVERANO 2026<\/p>\n<p>[\/et_pb_text][\/et_pb_column][\/et_pb_row][\/et_pb_section][et_pb_section fb_built=\u00bb1&#8243; _builder_version=\u00bb4.27.4&#8243; _module_preset=\u00bbdefault\u00bb global_colors_info=\u00bb{}\u00bb][et_pb_row _builder_version=\u00bb4.27.4&#8243; _module_preset=\u00bbdefault\u00bb global_colors_info=\u00bb{}\u00bb][et_pb_column type=\u00bb4_4&#8243; _builder_version=\u00bb4.27.4&#8243; _module_preset=\u00bbdefault\u00bb global_colors_info=\u00bb{}\u00bb][et_pb_text _builder_version=\u00bb4.27.4&#8243; _module_preset=\u00bbdefault\u00bb global_colors_info=\u00bb{}\u00bb]<\/p>\n<p><b>FECHAS:<span class=\"Apple-converted-space\">\u00a0<\/span><\/b><\/p>\n<ul>\n<li><span><\/span>Inicio:<span class=\"Apple-converted-space\">\u00a0 <\/span>Semana del 2 al 5 de MARZO<\/li>\n<li><span><\/span>Terminaci\u00f3n de la primera vuelta el 1 de mayo:<\/li>\n<\/ul>\n<p><span><span class=\"Apple-converted-space\">\u00a0\u00a0 \u00a0 <\/span>Descansando la semanas Santa y PASCUA DEL 29 de marzo al 11 de abril<span class=\"Apple-converted-space\">\u00a0<\/span><\/span><\/p>\n<p>&nbsp;<\/p>\n<ul>\n<li><span><\/span>Inicio de la segunda vuelta: del 11 al 15 de mayo<\/li>\n<li><span><\/span>Terminaci\u00f3n de la segunda vuelta el 26 de junio<span class=\"Apple-tab-span\"> <\/span><\/li>\n<li><span><\/span> martes 7 de julio:<span class=\"Apple-converted-space\">\u00a0 <\/span>LA GRAN FINAL.<span class=\"Apple-converted-space\">\u00a0<\/span><\/li>\n<\/ul>\n<p><span><b><\/b><\/span><\/p>\n<p><b>FORMATO DE JUEGO:<\/b><\/p>\n<p><b><span class=\"Apple-converted-space\">\u00a0\u00a0 \u00a0 \u00a0 \u00a0 \u00a0 \u00a0 \u00a0 \u00a0 \u00a0 \u00a0 \u00a0 \u00a0 \u00a0 \u00a0 \u00a0 \u00a0 \u00a0 \u00a0 \u00a0 \u00a0 \u00a0 \u00a0 \u00a0 \u00a0 <\/span>Se Jugar\u00e1 a dos vueltas a visita rec\u00edproca<span class=\"Apple-converted-space\">\u00a0<\/span><\/b><\/p>\n<p>Somos 8 equipos de 7 integrantes.<\/p>\n<p>Con opci\u00f3n a:<span class=\"Apple-tab-span\"> <\/span>\u2022 6 integrantes, pagando lo de 7.<\/p>\n<p>\u2022 8 integrantes, pagando uno extra. <span class=\"Apple-converted-space\">\u00a0<\/span><\/p>\n<p><span><b><\/b><\/span><\/p>\n<p><b>INSCRIPCI\u00d3N Y PREMIOS:<span class=\"Apple-converted-space\">\u00a0<\/span><\/b><\/p>\n<ol>\n<li>Se paga un total de $49,000 pesos m\u00ednimo por equipo de 7<span class=\"Apple-converted-space\">\u00a0<\/span><\/li>\n<\/ol>\n<p>($7,000 pesos m\u00e1s en caso de ser 8 integrantes)<\/p>\n<p>Se paga $500 pesos extra por jugador para quien haga el primer Hole in One del torneo. $28,000 pesos.<span class=\"Apple-converted-space\">\u00a0 <\/span>En caso de no haberlo, se rifa el dinero<\/p>\n<ol start=\"2\">\n<li>El equipo campe\u00f3n ganar\u00e1 $98,000 pesos, el segundo lugar ganar\u00e1 $49,000 pesos.<\/li>\n<li>Se juega la final en la jornada 8 de la segunda vuelta.<span class=\"Apple-converted-space\">\u00a0<\/span><\/li>\n<\/ol>\n<p>&nbsp;<\/p>\n<p>Cualquier duda o controversia ser\u00e1 decidida de forma inapelable por el comit\u00e9 organizador conformado por presidente (H\u00e9ctor Oropeza), tesorero (Max Hern\u00e1ndez) y secretario (Marco Gami\u00f1o). No hay decisiones por mayor\u00eda de votos de los capitanes.<\/p>\n<p><span class=\"Apple-converted-space\">\u00a0<\/span>Las dudas y decisiones sobre reglas son tomadas por el PRO del club, Andres Castellanos.<\/p>\n<p>&nbsp;<\/p>\n<p>EQUIPOS:<\/p>\n<p>1- TOP GUN\/ Manuel Serrano<\/p>\n<p>2- LA GAMI\u00d1IZA \/ Hector Oropeza<\/p>\n<p>3- La PERRA\/ Arturo castro<\/p>\n<p>4- LOS CENTURI\u00d3NES \/Max Hern\u00e1ndez<\/p>\n<p>5- A\u00d1EJOS V2.0 \/ Eugenio S\u00e1nchez<\/p>\n<p>6- LOS PONCHOS\/ Sergio Martin<\/p>\n<p>7- LOS GOLFOS \/Humberto Dahuss<\/p>\n<p>8- LOS INVISIBLES \/ Marco Barba<\/p>\n<p>[\/et_pb_text][\/et_pb_column][\/et_pb_row][\/et_pb_section][et_pb_section fb_built=\u00bb1&#8243; fullwidth=\u00bbon\u00bb _builder_version=\u00bb4.27.4&#8243; _module_preset=\u00bbdefault\u00bb global_colors_info=\u00bb{}\u00bb][et_pb_fullwidth_code _builder_version=\u00bb4.27.4&#8243; _module_preset=\u00bbdefault\u00bb global_colors_info=\u00bb{}\u00bb][\/et_pb_fullwidth_code][\/et_pb_section]<\/p>\n","protected":false},"excerpt":{"rendered":"<p>EDICI\u00d3N PRIMAVERANO 2026FECHAS:\u00a0 Inicio:\u00a0 Semana del 2 al 5 de MARZO Terminaci\u00f3n de la primera vuelta el 1 de mayo: \u00a0\u00a0 \u00a0 Descansando la semanas Santa y PASCUA DEL 29 de marzo al 11 de abril\u00a0 &nbsp; Inicio de la segunda vuelta: del 11 al 15 de mayo Terminaci\u00f3n de la segunda vuelta el 26 [&hellip;]<\/p>\n","protected":false},"author":1,"featured_media":0,"parent":0,"menu_order":0,"comment_status":"closed","ping_status":"closed","template":"","meta":{"_et_pb_use_builder":"on","_et_pb_old_content":"","_et_gb_content_width":"","footnotes":""},"class_list":["post-9","page","type-page","status-publish","hentry"],"_links":{"self":[{"href":"https:\/\/chatosopen.com\/index.php?rest_route=\/wp\/v2\/pages\/9","targetHints":{"allow":["GET"]}}],"collection":[{"href":"https:\/\/chatosopen.com\/index.php?rest_route=\/wp\/v2\/pages"}],"about":[{"href":"https:\/\/chatosopen.com\/index.php?rest_route=\/wp\/v2\/types\/page"}],"author":[{"embeddable":true,"href":"https:\/\/chatosopen.com\/index.php?rest_route=\/wp\/v2\/users\/1"}],"replies":[{"embeddable":true,"href":"https:\/\/chatosopen.com\/index.php?rest_route=%2Fwp%2Fv2%2Fcomments&post=9"}],"version-history":[{"count":143,"href":"https:\/\/chatosopen.com\/index.php?rest_route=\/wp\/v2\/pages\/9\/revisions"}],"predecessor-version":[{"id":2082,"href":"https:\/\/chatosopen.com\/index.php?rest_route=\/wp\/v2\/pages\/9\/revisions\/2082"}],"wp:attachment":[{"href":"https:\/\/chatosopen.com\/index.php?rest_route=%2Fwp%2Fv2%2Fmedia&parent=9"}],"curies":[{"name":"wp","href":"https:\/\/api.w.org\/{rel}","templated":true}]}}